{"id":418,"date":"2024-03-04T11:37:45","date_gmt":"2024-03-04T11:37:45","guid":{"rendered":"https:\/\/pistachosmoralico.com\/?page_id=418"},"modified":"2024-03-05T19:26:09","modified_gmt":"2024-03-05T19:26:09","slug":"aviso-legal","status":"publish","type":"page","link":"https:\/\/pistachosmoralico.com\/en\/aviso-legal\/","title":{"rendered":"Aviso Legal"},"content":{"rendered":"<div data-elementor-type=\"wp-page\" data-elementor-id=\"418\" class=\"elementor elementor-418\" data-elementor-post-type=\"page\">\n\t\t\t\t<div class=\"elementor-element elementor-element-cdaebc7 e-flex e-con-boxed e-con e-parent\" data-id=\"cdaebc7\" data-element_type=\"container\" data-e-type=\"container\">\n\t\t\t\t\t<div class=\"e-con-inner\">\n\t\t\t\t<div class=\"elementor-element elementor-element-bbe4c4a elementor-widget elementor-widget-spacer\" data-id=\"bbe4c4a\" data-element_type=\"widget\" data-e-type=\"widget\" data-widget_type=\"spacer.default\">\n\t\t\t\t<div class=\"elementor-widget-container\">\n\t\t\t\t\t\t\t<div class=\"elementor-spacer\">\n\t\t\t<div class=\"elementor-spacer-inner\"><\/div>\n\t\t<\/div>\n\t\t\t\t\t\t<\/div>\n\t\t\t\t<\/div>\n\t\t\t\t<div class=\"elementor-element elementor-element-3cc3952 elementor-widget elementor-widget-heading\" data-id=\"3cc3952\" data-element_type=\"widget\" data-e-type=\"widget\" data-widget_type=\"heading.default\">\n\t\t\t\t<div class=\"elementor-widget-container\">\n\t\t\t\t\t<h2 class=\"elementor-heading-title elementor-size-default\">Aviso Legal<\/h2>\t\t\t\t<\/div>\n\t\t\t\t<\/div>\n\t\t\t\t<div class=\"elementor-element elementor-element-0acc727 elementor-widget elementor-widget-spacer\" data-id=\"0acc727\" data-element_type=\"widget\" data-e-type=\"widget\" data-widget_type=\"spacer.default\">\n\t\t\t\t<div class=\"elementor-widget-container\">\n\t\t\t\t\t\t\t<div class=\"elementor-spacer\">\n\t\t\t<div class=\"elementor-spacer-inner\"><\/div>\n\t\t<\/div>\n\t\t\t\t\t\t<\/div>\n\t\t\t\t<\/div>\n\t\t\t\t<div class=\"elementor-element elementor-element-13ff7e5 elementor-widget elementor-widget-text-editor\" data-id=\"13ff7e5\" data-element_type=\"widget\" data-e-type=\"widget\" data-widget_type=\"text-editor.default\">\n\t\t\t\t<div class=\"elementor-widget-container\">\n\t\t\t\t\t\t\t\t\t<p>Agromoralico S.L., en adelante LA EMPRESA y su web www.pistachosmoralico.es, en adelante SITIO WEB declara:<\/p><p class=\"p2\">En cumplimiento con el deber de informaci\u00f3n recogido en art\u00edculo 10 de la Ley 34\/2002, de 11 de julio, de Servicios de la Sociedad de la Informaci\u00f3n y del Comercio Electr\u00f3nico (LSSICE), el propietario de la web , le informa de lo siguiente:<\/p><ul class=\"ul1\"><li class=\"li3\"><span class=\"s2\">Denominaci\u00f3n social: Agromoralico S.L.<\/span><\/li><li class=\"li3\"><span class=\"s2\">NIF: B047002817<\/span><\/li><li class=\"li3\"><span class=\"s2\">Domicilio: Carretera de Ronda 84, Local 4, Vera, Almer\u00eda, 04620<\/span><\/li><\/ul><p class=\"p4\">Con los l\u00edmites establecidos en la ley, LA EMPRESA no asume ninguna responsabilidad derivada de la falta de veracidad, integridad, actualizaci\u00f3n y precisi\u00f3n de los datos o informaciones que contienen sus p\u00e1ginas web.<\/p><p class=\"p2\">Los contenidos e informaci\u00f3n no vinculan a LA EMPRESA ni constituyen opiniones, consejos o asesoramiento legal de ning\u00fan tipo pues se trata meramente de un servicio ofrecido con car\u00e1cter informativo y divulgativo.<\/p><p class=\"p2\">Las p\u00e1ginas de Internet de LA EMPRESA pueden contener enlaces (links) a otras p\u00e1ginas de terceras partes que LA EMPRESA no puede controlar. Por lo tanto, LA EMPRESA no puede asumir responsabilidades por el contenido que pueda aparecer en p\u00e1ginas de terceros.<\/p><p class=\"p2\">Los textos, im\u00e1genes, sonidos, animaciones, software y el resto de contenidos incluidos en este website son propiedad exclusiva de LA EMPRESA o sus licenciantes. Cualquier acto de transmisi\u00f3n, distribuci\u00f3n, cesi\u00f3n, reproducci\u00f3n, almacenamiento o comunicaci\u00f3n p\u00fablica total o parcial, deber\u00e1 contar con el consentimiento expreso de LA EMPRESA.<\/p><p class=\"p2\">Asimismo, para acceder a algunos de los servicios que LA EMPRESA ofrece a trav\u00e9s del sitio web, deber\u00e1 proporcionar algunos datos de car\u00e1cter personal. En cumplimiento de lo establecido en el Reglamento (UE) 2016\/679 del Parlamento Europeo y del Consejo, de 27 de abril de 2016, relativo a la protecci\u00f3n de las personas f\u00edsicas en lo que respecta al tratamiento de datos personales y a la libre circulaci\u00f3n de estos datos le informamos que, mediante la cumplimentaci\u00f3n de los presentes formularios, sus datos personales quedar\u00e1n incorporados y ser\u00e1n tratados en los ficheros de LA EMPRESA con el fin de poderle prestar y ofrecer nuestros servicios as\u00ed como para informarle de las mejoras del sitio Web.<\/p><p class=\"p5\">Le informamos tambi\u00e9n de que tendr\u00e1 la posibilidad en todo momento de ejercer los derechos de acceso, rectificaci\u00f3n, cancelaci\u00f3n, oposici\u00f3n, limitaci\u00f3n y portabilidad de sus datos de car\u00e1cter personal, de manera gratuita mediante email a: ventas@agromoralico.es<\/p>\t\t\t\t\t\t\t\t<\/div>\n\t\t\t\t<\/div>\n\t\t\t\t\t<\/div>\n\t\t\t\t<\/div>\n\t\t\t\t<\/div>","protected":false},"excerpt":{"rendered":"<p>Aviso Legal Agromoralico S.L., en adelante LA EMPRESA y su web www.pistachosmoralico.es, en adelante SITIO WEB declara: En cumplimiento con el deber de informaci\u00f3n recogido en art\u00edculo 10 de la Ley 34\/2002, de 11 de julio, de Servicios de la Sociedad de la Informaci\u00f3n y del Comercio Electr\u00f3nico (LSSICE), el propietario de la web , [&hellip;]<\/p>\n","protected":false},"author":1,"featured_media":0,"parent":0,"menu_order":0,"comment_status":"closed","ping_status":"closed","template":"","meta":{"footnotes":""},"class_list":["post-418","page","type-page","status-publish","hentry"],"yoast_head":"<!-- This site is optimized with the Yoast SEO plugin v27.1.1 - https:\/\/yoast.com\/product\/yoast-seo-wordpress\/ -->\n<title>Aviso Legal - Pistachos Moralico<\/title>\n<meta name=\"robots\" content=\"index, follow, max-snippet:-1, max-image-preview:large, max-video-preview:-1\" \/>\n<link rel=\"canonical\" href=\"https:\/\/pistachosmoralico.com\/en\/aviso-legal\/\" \/>\n<meta property=\"og:locale\" content=\"en_GB\" \/>\n<meta property=\"og:type\" content=\"article\" \/>\n<meta property=\"og:title\" content=\"Aviso Legal - Pistachos Moralico\" \/>\n<meta property=\"og:description\" content=\"Aviso Legal Agromoralico S.L., en adelante LA EMPRESA y su web www.pistachosmoralico.es, en adelante SITIO WEB declara: En cumplimiento con el deber de informaci\u00f3n recogido en art\u00edculo 10 de la Ley 34\/2002, de 11 de julio, de Servicios de la Sociedad de la Informaci\u00f3n y del Comercio Electr\u00f3nico (LSSICE), el propietario de la web , [&hellip;]\" \/>\n<meta property=\"og:url\" content=\"https:\/\/pistachosmoralico.com\/en\/aviso-legal\/\" \/>\n<meta property=\"og:site_name\" content=\"Pistachos Moralico\" \/>\n<meta property=\"article:modified_time\" content=\"2024-03-05T19:26:09+00:00\" \/>\n<meta name=\"twitter:card\" content=\"summary_large_image\" \/>\n<meta name=\"twitter:label1\" content=\"Estimated reading time\" \/>\n\t<meta name=\"twitter:data1\" content=\"2 minutes\" \/>\n<script type=\"application\/ld+json\" class=\"yoast-schema-graph\">{\"@context\":\"https:\/\/schema.org\",\"@graph\":[{\"@type\":\"WebPage\",\"@id\":\"https:\/\/pistachosmoralico.com\/en\/aviso-legal\/\",\"url\":\"https:\/\/pistachosmoralico.com\/en\/aviso-legal\/\",\"name\":\"Aviso Legal - Pistachos Moralico\",\"isPartOf\":{\"@id\":\"https:\/\/pistachosmoralico.com\/#website\"},\"datePublished\":\"2024-03-04T11:37:45+00:00\",\"dateModified\":\"2024-03-05T19:26:09+00:00\",\"breadcrumb\":{\"@id\":\"https:\/\/pistachosmoralico.com\/en\/aviso-legal\/#breadcrumb\"},\"inLanguage\":\"en-GB\",\"potentialAction\":[{\"@type\":\"ReadAction\",\"target\":[\"https:\/\/pistachosmoralico.com\/en\/aviso-legal\/\"]}]},{\"@type\":\"BreadcrumbList\",\"@id\":\"https:\/\/pistachosmoralico.com\/en\/aviso-legal\/#breadcrumb\",\"itemListElement\":[{\"@type\":\"ListItem\",\"position\":1,\"name\":\"Home\",\"item\":\"https:\/\/pistachosmoralico.com\/\"},{\"@type\":\"ListItem\",\"position\":2,\"name\":\"Aviso Legal\"}]},{\"@type\":\"WebSite\",\"@id\":\"https:\/\/pistachosmoralico.com\/#website\",\"url\":\"https:\/\/pistachosmoralico.com\/\",\"name\":\"Pistachos Moralico\",\"description\":\"Los m\u00e1s ricos\",\"publisher\":{\"@id\":\"https:\/\/pistachosmoralico.com\/#organization\"},\"potentialAction\":[{\"@type\":\"SearchAction\",\"target\":{\"@type\":\"EntryPoint\",\"urlTemplate\":\"https:\/\/pistachosmoralico.com\/?s={search_term_string}\"},\"query-input\":{\"@type\":\"PropertyValueSpecification\",\"valueRequired\":true,\"valueName\":\"search_term_string\"}}],\"inLanguage\":\"en-GB\"},{\"@type\":\"Organization\",\"@id\":\"https:\/\/pistachosmoralico.com\/#organization\",\"name\":\"Pistachos Moralico\",\"url\":\"https:\/\/pistachosmoralico.com\/\",\"logo\":{\"@type\":\"ImageObject\",\"inLanguage\":\"en-GB\",\"@id\":\"https:\/\/pistachosmoralico.com\/#\/schema\/logo\/image\/\",\"url\":\"https:\/\/pistachosmoralico.com\/wp-content\/uploads\/2024\/01\/8-e1705613226825.png\",\"contentUrl\":\"https:\/\/pistachosmoralico.com\/wp-content\/uploads\/2024\/01\/8-e1705613226825.png\",\"width\":990,\"height\":936,\"caption\":\"Pistachos Moralico\"},\"image\":{\"@id\":\"https:\/\/pistachosmoralico.com\/#\/schema\/logo\/image\/\"}}]}<\/script>\n<!-- \/ Yoast SEO plugin. -->","yoast_head_json":{"title":"Aviso Legal - Pistachos Moralico","robots":{"index":"index","follow":"follow","max-snippet":"max-snippet:-1","max-image-preview":"max-image-preview:large","max-video-preview":"max-video-preview:-1"},"canonical":"https:\/\/pistachosmoralico.com\/en\/aviso-legal\/","og_locale":"en_GB","og_type":"article","og_title":"Aviso Legal - Pistachos Moralico","og_description":"Aviso Legal Agromoralico S.L., en adelante LA EMPRESA y su web www.pistachosmoralico.es, en adelante SITIO WEB declara: En cumplimiento con el deber de informaci\u00f3n recogido en art\u00edculo 10 de la Ley 34\/2002, de 11 de julio, de Servicios de la Sociedad de la Informaci\u00f3n y del Comercio Electr\u00f3nico (LSSICE), el propietario de la web , [&hellip;]","og_url":"https:\/\/pistachosmoralico.com\/en\/aviso-legal\/","og_site_name":"Pistachos Moralico","article_modified_time":"2024-03-05T19:26:09+00:00","twitter_card":"summary_large_image","twitter_misc":{"Estimated reading time":"2 minutes"},"schema":{"@context":"https:\/\/schema.org","@graph":[{"@type":"WebPage","@id":"https:\/\/pistachosmoralico.com\/en\/aviso-legal\/","url":"https:\/\/pistachosmoralico.com\/en\/aviso-legal\/","name":"Aviso Legal - Pistachos Moralico","isPartOf":{"@id":"https:\/\/pistachosmoralico.com\/#website"},"datePublished":"2024-03-04T11:37:45+00:00","dateModified":"2024-03-05T19:26:09+00:00","breadcrumb":{"@id":"https:\/\/pistachosmoralico.com\/en\/aviso-legal\/#breadcrumb"},"inLanguage":"en-GB","potentialAction":[{"@type":"ReadAction","target":["https:\/\/pistachosmoralico.com\/en\/aviso-legal\/"]}]},{"@type":"BreadcrumbList","@id":"https:\/\/pistachosmoralico.com\/en\/aviso-legal\/#breadcrumb","itemListElement":[{"@type":"ListItem","position":1,"name":"Home","item":"https:\/\/pistachosmoralico.com\/"},{"@type":"ListItem","position":2,"name":"Aviso Legal"}]},{"@type":"WebSite","@id":"https:\/\/pistachosmoralico.com\/#website","url":"https:\/\/pistachosmoralico.com\/","name":"Pistachos Moralico","description":"Los m\u00e1s ricos","publisher":{"@id":"https:\/\/pistachosmoralico.com\/#organization"},"potentialAction":[{"@type":"SearchAction","target":{"@type":"EntryPoint","urlTemplate":"https:\/\/pistachosmoralico.com\/?s={search_term_string}"},"query-input":{"@type":"PropertyValueSpecification","valueRequired":true,"valueName":"search_term_string"}}],"inLanguage":"en-GB"},{"@type":"Organization","@id":"https:\/\/pistachosmoralico.com\/#organization","name":"Pistachos Moralico","url":"https:\/\/pistachosmoralico.com\/","logo":{"@type":"ImageObject","inLanguage":"en-GB","@id":"https:\/\/pistachosmoralico.com\/#\/schema\/logo\/image\/","url":"https:\/\/pistachosmoralico.com\/wp-content\/uploads\/2024\/01\/8-e1705613226825.png","contentUrl":"https:\/\/pistachosmoralico.com\/wp-content\/uploads\/2024\/01\/8-e1705613226825.png","width":990,"height":936,"caption":"Pistachos Moralico"},"image":{"@id":"https:\/\/pistachosmoralico.com\/#\/schema\/logo\/image\/"}}]}},"_links":{"self":[{"href":"https:\/\/pistachosmoralico.com\/en\/wp-json\/wp\/v2\/pages\/418","targetHints":{"allow":["GET"]}}],"collection":[{"href":"https:\/\/pistachosmoralico.com\/en\/wp-json\/wp\/v2\/pages"}],"about":[{"href":"https:\/\/pistachosmoralico.com\/en\/wp-json\/wp\/v2\/types\/page"}],"author":[{"embeddable":true,"href":"https:\/\/pistachosmoralico.com\/en\/wp-json\/wp\/v2\/users\/1"}],"replies":[{"embeddable":true,"href":"https:\/\/pistachosmoralico.com\/en\/wp-json\/wp\/v2\/comments?post=418"}],"version-history":[{"count":10,"href":"https:\/\/pistachosmoralico.com\/en\/wp-json\/wp\/v2\/pages\/418\/revisions"}],"predecessor-version":[{"id":459,"href":"https:\/\/pistachosmoralico.com\/en\/wp-json\/wp\/v2\/pages\/418\/revisions\/459"}],"wp:attachment":[{"href":"https:\/\/pistachosmoralico.com\/en\/wp-json\/wp\/v2\/media?parent=418"}],"curies":[{"name":"wp","href":"https:\/\/api.w.org\/{rel}","templated":true}]}}